{"id":649,"date":"2023-01-31T10:05:52","date_gmt":"2023-01-31T10:05:52","guid":{"rendered":"https:\/\/fit77.store\/kontakt-2\/"},"modified":"2023-01-31T13:35:04","modified_gmt":"2023-01-31T13:35:04","slug":"kontakt-2","status":"publish","type":"page","link":"https:\/\/fit77.store\/de\/kontakt-2\/","title":{"rendered":"Kontakt"},"content":{"rendered":"  <div id=\"page-header-452688851\" class=\"page-header-wrapper\">\n  <div class=\"page-title light featured-title\">\n\n        <div class=\"page-title-bg\">\n      <div class=\"title-bg fill bg-fill\"\n        data-parallax-container=\".page-title\"\n        data-parallax-background\n        data-parallax=\"-\">\n      <\/div>\n      <div class=\"title-overlay fill\"><\/div>\n    <\/div>\n    \n    <div class=\"page-title-inner container align-center flex-row medium-flex-wrap\" >\n              <div class=\"title-wrapper flex-col text-left medium-text-center\">\n          <h1 class=\"entry-title mb-0\">\n            Kontakt          <\/h1>\n        <\/div>\n                    <div class=\"title-content flex-col flex-right text-right medium-text-center\">\n        <div class=\"title-breadcrumbs pb-half pt-half\"><\/div>      <\/div>\n    <\/div>\n\n     \n<style>\n#page-header-452688851 .title-overlay {\n  background-color: rgb(255, 255, 255);\n}\n#page-header-452688851 .featured-title {\n  background-color: rgb(255, 255, 255);\n}\n<\/style>\n  <\/div>\n    <\/div>\n  \n\n  <div class=\"banner has-hover\" id=\"banner-796482492\">\n          <div class=\"banner-inner fill\">\n        <div class=\"banner-bg fill\" >\n            <img fetchpriority=\"high\" decoding=\"async\" width=\"996\" height=\"735\" src=\"https:\/\/fit77.store\/wp-content\/uploads\/2023\/01\/contactpagina.png\" class=\"bg attachment-large size-large\" alt=\"\" \/>                        <div class=\"overlay\"><\/div>            \n                    <\/div>\n\t\t\n        <div class=\"banner-layers container\">\n            <div class=\"fill banner-link\"><\/div>            \n   <div id=\"text-box-1487599603\" class=\"text-box banner-layer x95 md-x95 lg-x95 y50 md-y50 lg-y50 res-text\">\n                                <div class=\"text-box-content text \">\n              \n              <div class=\"text-inner text-right\">\n                  \n\t<div id=\"text-350028126\" class=\"text\">\n\t\t\n<h2 class=\"uppercase\"><strong>FIT77.STORE<\/strong><\/h2>\n<h3>Anbieter von gebrauchten Fitnessger\u00e4ten<\/h3>\n<p>Die Abholung ist ab unserem Lager in Klundert m\u00f6glich. Wir versenden \u00fcber den Webshop. F\u00fcr bestimmte Produkte ist es nicht m\u00f6glich, die Versandkosten zu berechnen. Wir werden Sie nach der Bestellung f\u00fcr den Versand kontaktieren.<\/p>\n\t\t\n<style>\n#text-350028126 {\n  color: rgb(255, 255, 255);\n}\n#text-350028126 > * {\n  color: rgb(255, 255, 255);\n}\n<\/style>\n\t<\/div>\n\t\n              <\/div>\n           <\/div>\n                            \n<style>\n#text-box-1487599603 {\n  width: 60%;\n}\n#text-box-1487599603 .text-box-content {\n  font-size: 100%;\n}\n@media (min-width:550px) {\n  #text-box-1487599603 {\n    width: 40%;\n  }\n}\n<\/style>\n    <\/div>\n \n        <\/div>\n      <\/div>\n\n            \n<style>\n#banner-796482492 {\n  padding-top: 500px;\n  background-color: rgb(255, 255, 255);\n}\n#banner-796482492 .overlay {\n  background-color: rgba(0, 0, 0, 0.698);\n}\n<\/style>\n  <\/div>\n\n\n<div class=\"row\"  id=\"row-210416875\">\n\n\t<div id=\"col-1544588800\" class=\"col medium-6 small-12 large-6\"  >\n\t\t\t\t<div class=\"col-inner\"  >\n\t\t\t\n\t\t\t\n<h2><strong>Contactgegevens<\/strong><\/h2>\n<p>Fit77.store<br \/>Kerkweg 23 B<br \/>4791 CR Klundert<\/p>\n\t\t<\/div>\n\t\t\t\t\t<\/div>\n\n\t\n\n\t<div id=\"col-553636019\" class=\"col medium-6 small-12 large-6\"  >\n\t\t\t\t<div class=\"col-inner\"  >\n\t\t\t\n\t\t\t\n\t\t<\/div>\n\t\t\t\t\t<\/div>\n\n\t\n<\/div>\n","protected":false},"excerpt":{"rendered":"","protected":false},"author":1,"featured_media":0,"parent":0,"menu_order":0,"comment_status":"closed","ping_status":"closed","template":"","meta":{"footnotes":""},"class_list":["post-649","page","type-page","status-publish","hentry"],"yoast_head":"<!-- This site is optimized with the Yoast SEO plugin v24.1 - https:\/\/yoast.com\/wordpress\/plugins\/seo\/ -->\n<title>Kontakt - Gebruikte fitness toestellen kopen?<\/title>\n<meta name=\"robots\" content=\"index, follow, max-snippet:-1, max-image-preview:large, max-video-preview:-1\" \/>\n<link rel=\"canonical\" href=\"https:\/\/fit77.store\/de\/kontakt-2\/\" \/>\n<meta property=\"og:locale\" content=\"de_DE\" \/>\n<meta property=\"og:type\" content=\"article\" \/>\n<meta property=\"og:title\" content=\"Kontakt - Gebruikte fitness toestellen kopen?\" \/>\n<meta property=\"og:url\" content=\"https:\/\/fit77.store\/de\/kontakt-2\/\" \/>\n<meta property=\"og:site_name\" content=\"Gebruikte fitness toestellen kopen?\" \/>\n<meta property=\"article:modified_time\" content=\"2023-01-31T13:35:04+00:00\" \/>\n<meta name=\"twitter:card\" content=\"summary_large_image\" \/>\n<meta name=\"twitter:label1\" content=\"Gesch\u00e4tzte Lesezeit\" \/>\n\t<meta name=\"twitter:data1\" content=\"1\u00a0Minute\" \/>\n<script type=\"application\/ld+json\" class=\"yoast-schema-graph\">{\"@context\":\"https:\/\/schema.org\",\"@graph\":[{\"@type\":\"WebPage\",\"@id\":\"https:\/\/fit77.store\/de\/kontakt-2\/\",\"url\":\"https:\/\/fit77.store\/de\/kontakt-2\/\",\"name\":\"Kontakt - Gebruikte fitness toestellen kopen?\",\"isPartOf\":{\"@id\":\"https:\/\/fit77.store\/de\/#website\"},\"datePublished\":\"2023-01-31T10:05:52+00:00\",\"dateModified\":\"2023-01-31T13:35:04+00:00\",\"breadcrumb\":{\"@id\":\"https:\/\/fit77.store\/de\/kontakt-2\/#breadcrumb\"},\"inLanguage\":\"de\",\"potentialAction\":[{\"@type\":\"ReadAction\",\"target\":[\"https:\/\/fit77.store\/de\/kontakt-2\/\"]}]},{\"@type\":\"BreadcrumbList\",\"@id\":\"https:\/\/fit77.store\/de\/kontakt-2\/#breadcrumb\",\"itemListElement\":[{\"@type\":\"ListItem\",\"position\":1,\"name\":\"Home\",\"item\":\"https:\/\/fit77.store\/de\/\"},{\"@type\":\"ListItem\",\"position\":2,\"name\":\"Kontakt\"}]},{\"@type\":\"WebSite\",\"@id\":\"https:\/\/fit77.store\/de\/#website\",\"url\":\"https:\/\/fit77.store\/de\/\",\"name\":\"Gebruikte fitness toestellen kopen?\",\"description\":\"Your Fitness Store\",\"potentialAction\":[{\"@type\":\"SearchAction\",\"target\":{\"@type\":\"EntryPoint\",\"urlTemplate\":\"https:\/\/fit77.store\/de\/?s={search_term_string}\"},\"query-input\":{\"@type\":\"PropertyValueSpecification\",\"valueRequired\":true,\"valueName\":\"search_term_string\"}}],\"inLanguage\":\"de\"}]}<\/script>\n<!-- \/ Yoast SEO plugin. -->","yoast_head_json":{"title":"Kontakt - Gebruikte fitness toestellen kopen?","robots":{"index":"index","follow":"follow","max-snippet":"max-snippet:-1","max-image-preview":"max-image-preview:large","max-video-preview":"max-video-preview:-1"},"canonical":"https:\/\/fit77.store\/de\/kontakt-2\/","og_locale":"de_DE","og_type":"article","og_title":"Kontakt - Gebruikte fitness toestellen kopen?","og_url":"https:\/\/fit77.store\/de\/kontakt-2\/","og_site_name":"Gebruikte fitness toestellen kopen?","article_modified_time":"2023-01-31T13:35:04+00:00","twitter_card":"summary_large_image","twitter_misc":{"Gesch\u00e4tzte Lesezeit":"1\u00a0Minute"},"schema":{"@context":"https:\/\/schema.org","@graph":[{"@type":"WebPage","@id":"https:\/\/fit77.store\/de\/kontakt-2\/","url":"https:\/\/fit77.store\/de\/kontakt-2\/","name":"Kontakt - Gebruikte fitness toestellen kopen?","isPartOf":{"@id":"https:\/\/fit77.store\/de\/#website"},"datePublished":"2023-01-31T10:05:52+00:00","dateModified":"2023-01-31T13:35:04+00:00","breadcrumb":{"@id":"https:\/\/fit77.store\/de\/kontakt-2\/#breadcrumb"},"inLanguage":"de","potentialAction":[{"@type":"ReadAction","target":["https:\/\/fit77.store\/de\/kontakt-2\/"]}]},{"@type":"BreadcrumbList","@id":"https:\/\/fit77.store\/de\/kontakt-2\/#breadcrumb","itemListElement":[{"@type":"ListItem","position":1,"name":"Home","item":"https:\/\/fit77.store\/de\/"},{"@type":"ListItem","position":2,"name":"Kontakt"}]},{"@type":"WebSite","@id":"https:\/\/fit77.store\/de\/#website","url":"https:\/\/fit77.store\/de\/","name":"Gebruikte fitness toestellen kopen?","description":"Your Fitness Store","potentialAction":[{"@type":"SearchAction","target":{"@type":"EntryPoint","urlTemplate":"https:\/\/fit77.store\/de\/?s={search_term_string}"},"query-input":{"@type":"PropertyValueSpecification","valueRequired":true,"valueName":"search_term_string"}}],"inLanguage":"de"}]}},"_hostinger_reach_plugin_has_subscription_block":false,"_hostinger_reach_plugin_is_elementor":false,"_links":{"self":[{"href":"https:\/\/fit77.store\/de\/wp-json\/wp\/v2\/pages\/649","targetHints":{"allow":["GET"]}}],"collection":[{"href":"https:\/\/fit77.store\/de\/wp-json\/wp\/v2\/pages"}],"about":[{"href":"https:\/\/fit77.store\/de\/wp-json\/wp\/v2\/types\/page"}],"author":[{"embeddable":true,"href":"https:\/\/fit77.store\/de\/wp-json\/wp\/v2\/users\/1"}],"replies":[{"embeddable":true,"href":"https:\/\/fit77.store\/de\/wp-json\/wp\/v2\/comments?post=649"}],"version-history":[{"count":15,"href":"https:\/\/fit77.store\/de\/wp-json\/wp\/v2\/pages\/649\/revisions"}],"predecessor-version":[{"id":680,"href":"https:\/\/fit77.store\/de\/wp-json\/wp\/v2\/pages\/649\/revisions\/680"}],"wp:attachment":[{"href":"https:\/\/fit77.store\/de\/wp-json\/wp\/v2\/media?parent=649"}],"curies":[{"name":"wp","href":"https:\/\/api.w.org\/{rel}","templated":true}]}}