{"id":533,"date":"2023-01-23T10:58:10","date_gmt":"2023-01-23T10:58:10","guid":{"rendered":"https:\/\/fit77.store\/infos-bestellen\/"},"modified":"2023-01-31T08:39:05","modified_gmt":"2023-01-31T08:39:05","slug":"infos-bestellen","status":"publish","type":"page","link":"https:\/\/fit77.store\/de\/infos-bestellen\/","title":{"rendered":"Infos bestellen"},"content":{"rendered":"\n<div class=\"row\"  id=\"row-924724511\">\n\n\n\t<div id=\"col-2071032306\" class=\"col small-12 large-12\"  >\n\t\t\t\t<div class=\"col-inner\"  >\n\t\t\t\n\t\t\t\n\n  <div id=\"page-header-2059832325\" class=\"page-header-wrapper\">\n  <div class=\"page-title light featured-title\">\n\n        <div class=\"page-title-bg\">\n      <div class=\"title-bg fill bg-fill\"\n        data-parallax-container=\".page-title\"\n        data-parallax-background\n        data-parallax=\"-\">\n      <\/div>\n      <div class=\"title-overlay fill\"><\/div>\n    <\/div>\n    \n    <div class=\"page-title-inner container align-center flex-row medium-flex-wrap\" >\n              <div class=\"title-wrapper flex-col text-left medium-text-center\">\n          <h1 class=\"entry-title mb-0\">\n            Infos bestellen          <\/h1>\n        <\/div>\n                    <div class=\"title-content flex-col flex-right text-right medium-text-center\">\n        <div class=\"title-breadcrumbs pb-half pt-half\"><\/div>      <\/div>\n    <\/div>\n\n     \n<style>\n#page-header-2059832325 .title-overlay {\n  background-color: rgb(255, 255, 255);\n}\n#page-header-2059832325 .featured-title {\n  background-color: rgba(0, 0, 0, 0);\n}\n<\/style>\n  <\/div>\n    <\/div>\n  \n\n\n\t\t<\/div>\n\t\t\t\t\t<\/div>\n\n\t\n\n<\/div>\n<p>\u00dcber unsere Website k\u00f6nnen Sie 24 Stunden am Tag eine Bestellung aufgeben. Bestellungen k\u00f6nnen in Klundert abgeholt werden. Wenn Sie eine Bestellung \u00fcber unsere Website aufgeben, kann diese mit iDEAL oder Giropay f\u00fcr Deutschland bezahlt werden.<\/p>\n<h2>Portokosten<\/h2>\n<p>Die Versandkosten richten sich nach dem von Ihnen bestellten Artikel. Die Produkte, die in die Niederlande geliefert werden, werden normalerweise per Palette verschickt. Bei Artikeln, die ins Ausland geliefert werden, erhalten Sie eine gesonderte Mitteilung \u00fcber die Versandkosten. Sie zahlen diese dann, bevor wir mit der Lieferung beginnen.<\/p>\n\n","protected":false},"excerpt":{"rendered":"","protected":false},"author":1,"featured_media":0,"parent":0,"menu_order":0,"comment_status":"closed","ping_status":"closed","template":"page-blank.php","meta":{"footnotes":""},"class_list":["post-533","page","type-page","status-publish","hentry"],"yoast_head":"<!-- This site is optimized with the Yoast SEO plugin v24.1 - https:\/\/yoast.com\/wordpress\/plugins\/seo\/ -->\n<title>Infos bestellen - Gebruikte fitness toestellen kopen?<\/title>\n<meta name=\"robots\" content=\"index, follow, max-snippet:-1, max-image-preview:large, max-video-preview:-1\" \/>\n<link rel=\"canonical\" href=\"https:\/\/fit77.store\/bestelinfo\/\" \/>\n<meta property=\"og:locale\" content=\"de_DE\" \/>\n<meta property=\"og:type\" content=\"article\" \/>\n<meta property=\"og:title\" content=\"Infos bestellen - Gebruikte fitness toestellen kopen?\" \/>\n<meta property=\"og:url\" content=\"https:\/\/fit77.store\/bestelinfo\/\" \/>\n<meta property=\"og:site_name\" content=\"Gebruikte fitness toestellen kopen?\" \/>\n<meta property=\"article:modified_time\" content=\"2023-01-31T08:39:05+00:00\" \/>\n<meta name=\"twitter:card\" content=\"summary_large_image\" \/>\n<meta name=\"twitter:label1\" content=\"Gesch\u00e4tzte Lesezeit\" \/>\n\t<meta name=\"twitter:data1\" content=\"1\u00a0Minute\" \/>\n<script type=\"application\/ld+json\" class=\"yoast-schema-graph\">{\"@context\":\"https:\/\/schema.org\",\"@graph\":[{\"@type\":\"WebPage\",\"@id\":\"https:\/\/fit77.store\/bestelinfo\/\",\"url\":\"https:\/\/fit77.store\/bestelinfo\/\",\"name\":\"Infos bestellen - Gebruikte fitness toestellen kopen?\",\"isPartOf\":{\"@id\":\"https:\/\/fit77.store\/de\/#website\"},\"datePublished\":\"2023-01-23T10:58:10+00:00\",\"dateModified\":\"2023-01-31T08:39:05+00:00\",\"breadcrumb\":{\"@id\":\"https:\/\/fit77.store\/bestelinfo\/#breadcrumb\"},\"inLanguage\":\"de\",\"potentialAction\":[{\"@type\":\"ReadAction\",\"target\":[\"https:\/\/fit77.store\/bestelinfo\/\"]}]},{\"@type\":\"BreadcrumbList\",\"@id\":\"https:\/\/fit77.store\/bestelinfo\/#breadcrumb\",\"itemListElement\":[{\"@type\":\"ListItem\",\"position\":1,\"name\":\"Home\",\"item\":\"https:\/\/fit77.store\/de\/\"},{\"@type\":\"ListItem\",\"position\":2,\"name\":\"Infos bestellen\"}]},{\"@type\":\"WebSite\",\"@id\":\"https:\/\/fit77.store\/de\/#website\",\"url\":\"https:\/\/fit77.store\/de\/\",\"name\":\"Gebruikte fitness toestellen kopen?\",\"description\":\"Your Fitness Store\",\"potentialAction\":[{\"@type\":\"SearchAction\",\"target\":{\"@type\":\"EntryPoint\",\"urlTemplate\":\"https:\/\/fit77.store\/de\/?s={search_term_string}\"},\"query-input\":{\"@type\":\"PropertyValueSpecification\",\"valueRequired\":true,\"valueName\":\"search_term_string\"}}],\"inLanguage\":\"de\"}]}<\/script>\n<!-- \/ Yoast SEO plugin. -->","yoast_head_json":{"title":"Infos bestellen - Gebruikte fitness toestellen kopen?","robots":{"index":"index","follow":"follow","max-snippet":"max-snippet:-1","max-image-preview":"max-image-preview:large","max-video-preview":"max-video-preview:-1"},"canonical":"https:\/\/fit77.store\/bestelinfo\/","og_locale":"de_DE","og_type":"article","og_title":"Infos bestellen - Gebruikte fitness toestellen kopen?","og_url":"https:\/\/fit77.store\/bestelinfo\/","og_site_name":"Gebruikte fitness toestellen kopen?","article_modified_time":"2023-01-31T08:39:05+00:00","twitter_card":"summary_large_image","twitter_misc":{"Gesch\u00e4tzte Lesezeit":"1\u00a0Minute"},"schema":{"@context":"https:\/\/schema.org","@graph":[{"@type":"WebPage","@id":"https:\/\/fit77.store\/bestelinfo\/","url":"https:\/\/fit77.store\/bestelinfo\/","name":"Infos bestellen - Gebruikte fitness toestellen kopen?","isPartOf":{"@id":"https:\/\/fit77.store\/de\/#website"},"datePublished":"2023-01-23T10:58:10+00:00","dateModified":"2023-01-31T08:39:05+00:00","breadcrumb":{"@id":"https:\/\/fit77.store\/bestelinfo\/#breadcrumb"},"inLanguage":"de","potentialAction":[{"@type":"ReadAction","target":["https:\/\/fit77.store\/bestelinfo\/"]}]},{"@type":"BreadcrumbList","@id":"https:\/\/fit77.store\/bestelinfo\/#breadcrumb","itemListElement":[{"@type":"ListItem","position":1,"name":"Home","item":"https:\/\/fit77.store\/de\/"},{"@type":"ListItem","position":2,"name":"Infos bestellen"}]},{"@type":"WebSite","@id":"https:\/\/fit77.store\/de\/#website","url":"https:\/\/fit77.store\/de\/","name":"Gebruikte fitness toestellen kopen?","description":"Your Fitness Store","potentialAction":[{"@type":"SearchAction","target":{"@type":"EntryPoint","urlTemplate":"https:\/\/fit77.store\/de\/?s={search_term_string}"},"query-input":{"@type":"PropertyValueSpecification","valueRequired":true,"valueName":"search_term_string"}}],"inLanguage":"de"}]}},"_hostinger_reach_plugin_has_subscription_block":false,"_hostinger_reach_plugin_is_elementor":false,"_links":{"self":[{"href":"https:\/\/fit77.store\/de\/wp-json\/wp\/v2\/pages\/533","targetHints":{"allow":["GET"]}}],"collection":[{"href":"https:\/\/fit77.store\/de\/wp-json\/wp\/v2\/pages"}],"about":[{"href":"https:\/\/fit77.store\/de\/wp-json\/wp\/v2\/types\/page"}],"author":[{"embeddable":true,"href":"https:\/\/fit77.store\/de\/wp-json\/wp\/v2\/users\/1"}],"replies":[{"embeddable":true,"href":"https:\/\/fit77.store\/de\/wp-json\/wp\/v2\/comments?post=533"}],"version-history":[{"count":11,"href":"https:\/\/fit77.store\/de\/wp-json\/wp\/v2\/pages\/533\/revisions"}],"predecessor-version":[{"id":632,"href":"https:\/\/fit77.store\/de\/wp-json\/wp\/v2\/pages\/533\/revisions\/632"}],"wp:attachment":[{"href":"https:\/\/fit77.store\/de\/wp-json\/wp\/v2\/media?parent=533"}],"curies":[{"name":"wp","href":"https:\/\/api.w.org\/{rel}","templated":true}]}}