{"id":1703,"date":"2023-05-02T12:54:42","date_gmt":"2023-05-02T12:54:42","guid":{"rendered":"https:\/\/fit77.store\/haeufig-gestellte-fragen\/"},"modified":"2023-07-09T12:40:34","modified_gmt":"2023-07-09T12:40:34","slug":"haeufig-gestellte-fragen","status":"publish","type":"page","link":"https:\/\/fit77.store\/de\/haeufig-gestellte-fragen\/","title":{"rendered":"H\u00e4ufig gestellte Fragen"},"content":{"rendered":"\n\t<section class=\"section\" id=\"section_986534368\">\n\t\t<div class=\"section-bg fill\" >\n\t\t\t\t\t\t\t\t\t\n\t\t\t\n\n\t\t<\/div>\n\n\t\t\n\n\t\t<div class=\"section-content relative\">\n\t\t\t\n  <div id=\"page-header-1740319851\" class=\"page-header-wrapper\">\n  <div class=\"page-title dark featured-title\">\n\n        <div class=\"page-title-bg\">\n      <div class=\"title-bg fill bg-fill\"\n        data-parallax-container=\".page-title\"\n        data-parallax-background\n        data-parallax=\"-\">\n      <\/div>\n      <div class=\"title-overlay fill\"><\/div>\n    <\/div>\n    \n    <div class=\"page-title-inner container align-center flex-row medium-flex-wrap\" >\n              <div class=\"title-wrapper flex-col text-left medium-text-center\">\n          <h1 class=\"entry-title mb-0\">\n            H\u00e4ufig gestellte Fragen          <\/h1>\n        <\/div>\n                    <div class=\"title-content flex-col flex-right text-right medium-text-center\">\n        <div class=\"title-breadcrumbs pb-half pt-half\"><\/div>      <\/div>\n    <\/div>\n\n     \n<style>\n#page-header-1740319851 .page-title-inner {\n  min-height: 300px;\n}\n#page-header-1740319851 {\n  margin-bottom: 33px;\n}\n#page-header-1740319851 .title-bg {\n  background-image: url(https:\/\/fit77.store\/wp-content\/uploads\/2023\/02\/mukul-joshi-O-cLHKU_IIc-unsplash.jpg);\n}\n<\/style>\n  <\/div>\n    <\/div>\n  \n\t\t<\/div>\n\n\t\t\n<style>\n#section_986534368 {\n  padding-top: 30px;\n  padding-bottom: 30px;\n}\n<\/style>\n\t<\/section>\n\t\n\n\t<section class=\"section\" id=\"section_488690563\">\n\t\t<div class=\"section-bg fill\" >\n\t\t\t\t\t\t\t\t\t\n\t\t\t\n\n\t\t<\/div>\n\n\t\t\n\n\t\t<div class=\"section-content relative\">\n\t\t\t\n<div class=\"row\"  id=\"row-152139367\">\n\n\t<div id=\"col-924359292\" class=\"col medium-8 small-12 large-8\"  >\n\t\t\t\t<div class=\"col-inner\"  >\n\t\t\t\n\t\t\t\n<h5 class=\"uppercase\">Aktuell<\/h5>\n<ul>\n<li>\n<h5><span style=\"font-size: 100%;\">Wo sind Sie ans\u00e4ssig? | Kerkweg, 4791CR Klundert<\/span><\/h5>\n<\/li>\n<li>\n<h5>Wurden alle Ihre Ger\u00e4te benutzt? | Ja, wir verkaufen nur gebrauchte Ger\u00e4te.<\/h5>\n<\/li>\n<li>\n<h5>Verkaufen Sie auch neue Fitnessger\u00e4te? | Nein, nur benutzt.<\/h5>\n<\/li>\n<li>\n<h5>Verkaufen Sie auch Cardio? | Ja, wir verkaufen Cardio-, aber auch Kraftger\u00e4te.<\/h5>\n<\/li>\n<li>\n<h5>Gibt es irgendwelche Powerlift-Attribute zu verkaufen? | Ja, aber nicht immer. Behalten Sie unsere sozialen Netzwerke im Auge.<\/h5>\n<\/li>\n<li>\n<h5>Haben Sie auch soziale Medien? | Ja, wir haben mehrere soziale Medienkan\u00e4le. <a href=\"https:\/\/www.instagram.com\/fit77.store\/\"><br \/>\n  <em><br \/>\n    <strong>Instagram<\/strong><br \/>\n  <\/em><br \/>\n<\/a>, <a href=\"https:\/\/www.facebook.com\/profile.php?id=100091748496348\"><br \/>\n  <strong><br \/>\n    <em>Facebook <\/em><br \/>\n  <\/strong><br \/>\n<\/a> <\/h5>\n<\/li>\n<li>\n<h5>Wie funktioniert der Transport? | Klicken Sie auf den Link, um zur Seite zu gelangen &#8222;<em><br \/>\n  <strong><br \/>\n    <a href=\"https:\/\/fit77.store\/de\/infos-bestellen\/\">Informationen bestellen<\/a><br \/>\n  <\/strong><br \/>\n<\/em>&#8220;.  <\/h5>\n<\/li>\n<li>\n<h5>Kann ich Ger\u00e4te auch au\u00dferhalb des Webshops kaufen? | Ja, dies ist m\u00f6glich per Telefon, E-Mail, \u00fcber das Kontaktformular oder \u00fcber unsere sozialen Netzwerke.<\/h5>\n<\/li>\n<li>\n<h5>Kann ich vorbeikommen und mir die Ger\u00e4te ansehen? | Ja, wir hei\u00dfen Sie in Klundert willkommen. Alle Besichtigungen sollten im gegenseitigen Einvernehmen stattfinden, denn niemand m\u00f6chte vor verschlossener T\u00fcr stehen.<\/h5>\n<\/li>\n<li>\n<h5>Wenn ihr neue Ger\u00e4te einf\u00fchrt, wo kann ich diese am einfachsten finden? | Auf unseren sozialen Kan\u00e4len <a href=\"https:\/\/www.instagram.com\/fit77.store\/\"><br \/>\n  <strong><br \/>\n    <em>Instagram<\/em><br \/>\n  <\/strong><br \/>\n<\/a> &amp; <a href=\"https:\/\/www.facebook.com\/profile.php?id=100091748496348\"><br \/>\n  <em><br \/>\n    <strong>Facebook<\/strong><br \/>\n  <\/em><br \/>\n<\/a>Hier posten wir die neuen Ger\u00e4te eine Woche lang in unserer Storyline.  <\/h5>\n<\/li>\n<li>\n<h5> <\/h5>\n<\/li>\n<\/ul>\n\t\t<\/div>\n\t\t\t\t\t<\/div>\n\n\t\n<\/div>\n\t\t<\/div>\n\n\t\t\n<style>\n#section_488690563 {\n  padding-top: 30px;\n  padding-bottom: 30px;\n}\n<\/style>\n\t<\/section>\n\t\n","protected":false},"excerpt":{"rendered":"","protected":false},"author":1,"featured_media":0,"parent":0,"menu_order":0,"comment_status":"closed","ping_status":"closed","template":"page-blank.php","meta":{"footnotes":""},"class_list":["post-1703","page","type-page","status-publish","hentry"],"yoast_head":"<!-- This site is optimized with the Yoast SEO plugin v24.1 - https:\/\/yoast.com\/wordpress\/plugins\/seo\/ -->\n<title>NL Fitness Gro\u00dfhandel | H\u00e4ufig gestellte Fragen | Fit77<\/title>\n<meta name=\"robots\" content=\"index, follow, max-snippet:-1, max-image-preview:large, max-video-preview:-1\" \/>\n<link rel=\"canonical\" href=\"https:\/\/fit77.store\/de\/haeufig-gestellte-fragen\/\" \/>\n<meta property=\"og:locale\" content=\"de_DE\" \/>\n<meta property=\"og:type\" content=\"article\" \/>\n<meta property=\"og:title\" content=\"NL Fitness Gro\u00dfhandel | H\u00e4ufig gestellte Fragen | Fit77\" \/>\n<meta property=\"og:url\" content=\"https:\/\/fit77.store\/de\/haeufig-gestellte-fragen\/\" \/>\n<meta property=\"og:site_name\" content=\"Gebruikte fitness toestellen kopen?\" \/>\n<meta property=\"article:modified_time\" content=\"2023-07-09T12:40:34+00:00\" \/>\n<meta name=\"twitter:card\" content=\"summary_large_image\" \/>\n<meta name=\"twitter:label1\" content=\"Gesch\u00e4tzte Lesezeit\" \/>\n\t<meta name=\"twitter:data1\" content=\"1\u00a0Minute\" \/>\n<script type=\"application\/ld+json\" class=\"yoast-schema-graph\">{\"@context\":\"https:\/\/schema.org\",\"@graph\":[{\"@type\":\"WebPage\",\"@id\":\"https:\/\/fit77.store\/de\/haeufig-gestellte-fragen\/\",\"url\":\"https:\/\/fit77.store\/de\/haeufig-gestellte-fragen\/\",\"name\":\"NL Fitness Gro\u00dfhandel | H\u00e4ufig gestellte Fragen | Fit77\",\"isPartOf\":{\"@id\":\"https:\/\/fit77.store\/de\/#website\"},\"datePublished\":\"2023-05-02T12:54:42+00:00\",\"dateModified\":\"2023-07-09T12:40:34+00:00\",\"breadcrumb\":{\"@id\":\"https:\/\/fit77.store\/de\/haeufig-gestellte-fragen\/#breadcrumb\"},\"inLanguage\":\"de\",\"potentialAction\":[{\"@type\":\"ReadAction\",\"target\":[\"https:\/\/fit77.store\/de\/haeufig-gestellte-fragen\/\"]}]},{\"@type\":\"BreadcrumbList\",\"@id\":\"https:\/\/fit77.store\/de\/haeufig-gestellte-fragen\/#breadcrumb\",\"itemListElement\":[{\"@type\":\"ListItem\",\"position\":1,\"name\":\"Home\",\"item\":\"https:\/\/fit77.store\/de\/\"},{\"@type\":\"ListItem\",\"position\":2,\"name\":\"H\u00e4ufig gestellte Fragen\"}]},{\"@type\":\"WebSite\",\"@id\":\"https:\/\/fit77.store\/de\/#website\",\"url\":\"https:\/\/fit77.store\/de\/\",\"name\":\"Gebruikte fitness toestellen kopen?\",\"description\":\"Your Fitness Store\",\"potentialAction\":[{\"@type\":\"SearchAction\",\"target\":{\"@type\":\"EntryPoint\",\"urlTemplate\":\"https:\/\/fit77.store\/de\/?s={search_term_string}\"},\"query-input\":{\"@type\":\"PropertyValueSpecification\",\"valueRequired\":true,\"valueName\":\"search_term_string\"}}],\"inLanguage\":\"de\"}]}<\/script>\n<!-- \/ Yoast SEO plugin. -->","yoast_head_json":{"title":"NL Fitness Gro\u00dfhandel | H\u00e4ufig gestellte Fragen | Fit77","robots":{"index":"index","follow":"follow","max-snippet":"max-snippet:-1","max-image-preview":"max-image-preview:large","max-video-preview":"max-video-preview:-1"},"canonical":"https:\/\/fit77.store\/de\/haeufig-gestellte-fragen\/","og_locale":"de_DE","og_type":"article","og_title":"NL Fitness Gro\u00dfhandel | H\u00e4ufig gestellte Fragen | Fit77","og_url":"https:\/\/fit77.store\/de\/haeufig-gestellte-fragen\/","og_site_name":"Gebruikte fitness toestellen kopen?","article_modified_time":"2023-07-09T12:40:34+00:00","twitter_card":"summary_large_image","twitter_misc":{"Gesch\u00e4tzte Lesezeit":"1\u00a0Minute"},"schema":{"@context":"https:\/\/schema.org","@graph":[{"@type":"WebPage","@id":"https:\/\/fit77.store\/de\/haeufig-gestellte-fragen\/","url":"https:\/\/fit77.store\/de\/haeufig-gestellte-fragen\/","name":"NL Fitness Gro\u00dfhandel | H\u00e4ufig gestellte Fragen | Fit77","isPartOf":{"@id":"https:\/\/fit77.store\/de\/#website"},"datePublished":"2023-05-02T12:54:42+00:00","dateModified":"2023-07-09T12:40:34+00:00","breadcrumb":{"@id":"https:\/\/fit77.store\/de\/haeufig-gestellte-fragen\/#breadcrumb"},"inLanguage":"de","potentialAction":[{"@type":"ReadAction","target":["https:\/\/fit77.store\/de\/haeufig-gestellte-fragen\/"]}]},{"@type":"BreadcrumbList","@id":"https:\/\/fit77.store\/de\/haeufig-gestellte-fragen\/#breadcrumb","itemListElement":[{"@type":"ListItem","position":1,"name":"Home","item":"https:\/\/fit77.store\/de\/"},{"@type":"ListItem","position":2,"name":"H\u00e4ufig gestellte Fragen"}]},{"@type":"WebSite","@id":"https:\/\/fit77.store\/de\/#website","url":"https:\/\/fit77.store\/de\/","name":"Gebruikte fitness toestellen kopen?","description":"Your Fitness Store","potentialAction":[{"@type":"SearchAction","target":{"@type":"EntryPoint","urlTemplate":"https:\/\/fit77.store\/de\/?s={search_term_string}"},"query-input":{"@type":"PropertyValueSpecification","valueRequired":true,"valueName":"search_term_string"}}],"inLanguage":"de"}]}},"_hostinger_reach_plugin_has_subscription_block":false,"_hostinger_reach_plugin_is_elementor":false,"_links":{"self":[{"href":"https:\/\/fit77.store\/de\/wp-json\/wp\/v2\/pages\/1703","targetHints":{"allow":["GET"]}}],"collection":[{"href":"https:\/\/fit77.store\/de\/wp-json\/wp\/v2\/pages"}],"about":[{"href":"https:\/\/fit77.store\/de\/wp-json\/wp\/v2\/types\/page"}],"author":[{"embeddable":true,"href":"https:\/\/fit77.store\/de\/wp-json\/wp\/v2\/users\/1"}],"replies":[{"embeddable":true,"href":"https:\/\/fit77.store\/de\/wp-json\/wp\/v2\/comments?post=1703"}],"version-history":[{"count":7,"href":"https:\/\/fit77.store\/de\/wp-json\/wp\/v2\/pages\/1703\/revisions"}],"predecessor-version":[{"id":1836,"href":"https:\/\/fit77.store\/de\/wp-json\/wp\/v2\/pages\/1703\/revisions\/1836"}],"wp:attachment":[{"href":"https:\/\/fit77.store\/de\/wp-json\/wp\/v2\/media?parent=1703"}],"curies":[{"name":"wp","href":"https:\/\/api.w.org\/{rel}","templated":true}]}}